{"id":689,"date":"2018-11-16T11:21:21","date_gmt":"2018-11-16T11:21:21","guid":{"rendered":"https:\/\/qmc.es\/?page_id=689"},"modified":"2018-11-16T11:31:35","modified_gmt":"2018-11-16T11:31:35","slug":"cookies-policy","status":"publish","type":"page","link":"https:\/\/qmc.es\/en\/cookies-policy\/","title":{"rendered":"Cookies policy"},"content":{"rendered":"<p>&nbsp;<\/p>\n<p>Esta web utiliza cookies. Aceptar la instalaci\u00f3n de cookies, conlleva de manera imprescindible la aceptaci\u00f3n de la presente pol\u00edtica. Las cookies permiten a la web recordar tus preferencias y reconocerte en sucesivas visitas. Esto se consigue almacenando en tu navegador cierta informaci\u00f3n sobre tu uso de la web. Algunas de las cookies se utilizan por nosotros y por terceros para anal\u00edticas web y marketing.<br \/>\n&nbsp;<\/p>\n<h2>Informaci\u00f3n general sobre las cookies<\/h2>\n<p><strong>Las cookies forman parte de la mayor\u00eda de webs<\/strong>. Cuando navegas en una web que utiliza cookies, la web hace que el navegador cree en tu equipo (ordenador, tableta, tel\u00e9fono etc) peque\u00f1os ficheros con informaci\u00f3n necesaria para el funcionamiento de la web. Las cookies forman parte de la tecnolog\u00eda necesaria para el correcto funcionamiento del sitio web y no son inherentemente perjudiciales.<\/p>\n<p><strong>Tu historial de navegaci\u00f3n y cookies se almacenan en tu equipo<\/strong>. Las cookies, de forma similar al historial de navegaci\u00f3n o a la cach\u00e9 del navegador, pueden dejar un rastro sobre tu actividad en l\u00ednea. Esto es especialmente importante si otras personas pueden acceder a tu equipo. En caso de que est\u00e9s utilizando un equipo compartido, te recomendamos que al acabar elimines la informaci\u00f3n sobre tu historial de navegaci\u00f3n, cach\u00e9 y cookies. Si no sabes c\u00f3mo hacerlo consulta el apartado de ayuda del navegador.<\/p>\n<p><strong>Se puede desactivar las cookies, pero las webs no funcionar\u00e1n correctamente<\/strong>. Si te preocupa tu privacidad, puedes desactivar completamente el uso de cookies en el apartado de configuraci\u00f3n de tu navegador. De hacerlo es posible que algunas partes de la web no funcionen correctamente.<\/p>\n<p><strong>Cookies propias<\/strong><\/p>\n<p>Entre las cookies que utilizamos se encuentran:<\/p>\n<p>PHPSESSIONID: cookie de sesi\u00f3n imprescindible para gestionar la navegaci\u00f3n en el sitio.<\/p>\n<p><strong>Uso de complementos y cookies de terceros<\/strong><\/p>\n<p>Esta web utiliza varios complementos y cookies de terceros. La aceptaci\u00f3n de las cookies conlleva necesariamente la aceptaci\u00f3n de la pol\u00edtica de privacidad establecida por el proveedor del complemento o cookie. Los complementos y cookies empleados incluyen:<\/p>\n<p><strong><img decoding=\"async\" loading=\"lazy\" class=\"alignnone wp-image-704 size-full\" src=\"https:\/\/qmc.es\/wp-content\/uploads\/2018\/11\/cookies.png\" alt=\"\" width=\"614\" height=\"338\" srcset=\"https:\/\/qmc.es\/wp-content\/uploads\/2018\/11\/cookies.png 614w, https:\/\/qmc.es\/wp-content\/uploads\/2018\/11\/cookies-300x165.png 300w, https:\/\/qmc.es\/wp-content\/uploads\/2018\/11\/cookies-260x143.png 260w, https:\/\/qmc.es\/wp-content\/uploads\/2018\/11\/cookies-50x28.png 50w, https:\/\/qmc.es\/wp-content\/uploads\/2018\/11\/cookies-136x75.png 136w\" sizes=\"(max-width:767px) 480px, 614px\" \/>\u00a0<\/strong><\/p>\n<p><strong>NOTA: la informaci\u00f3n ofrecida es a fecha Octubre de 2018, y le informamos que con el paso del tiempo puede no resultar exhaustiva, a pesar de que peri\u00f3dicamente la presente pol\u00edtica de cookies es revisada.<\/strong><\/p>\n<p><strong>C\u00f3mo impedir el uso de cookies y c\u00f3mo borrar las cookies<\/strong><\/p>\n<p>La mayor\u00eda de navegadores te permiten desactivar completamente las cookies. Los navegadores tambi\u00e9n te permiten borrar las cookies creadas por una web espec\u00edfica. Para ello debes consultar la ayuda de tu navegador.<\/p>\n<p>Tambi\u00e9n puedes encontrar m\u00e1s informaci\u00f3n en las p\u00e1ginas de ayuda de los navegadores:<\/p>\n<p>Chrome:\u00a0<u><a href=\"http:\/\/support.google.com\/chrome\/bin\/answer.py?hl=es&amp;answer=95647\">http:\/\/support.google.com\/chrome\/bin\/answer.py?hl=es&amp;answer=95647<\/a><\/u><\/p>\n<p>Explorer:\u00a0<u><a href=\"http:\/\/windows.microsoft.com\/es-es\/windows7\/how-to-manage-cookies-in-internet-explorer-9\">http:\/\/windows.microsoft.com\/es-es\/windows7\/how-to-manage-cookies-in-internet-explorer-9<\/a><\/u><\/p>\n<p>Firefox:\u00a0<u><a href=\"http:\/\/support.mozilla.org\/es\/kb\/habilitar-y-deshabilitar-cookies-que-los-sitios-we\">http:\/\/support.mozilla.org\/es\/kb\/habilitar-y-deshabilitar-cookies-que-los-sitios-we<\/a><\/u><\/p>\n<p>Safari:\u00a0<u><a href=\"http:\/\/support.apple.com\/kb\/ph5042\">http:\/\/support.apple.com\/kb\/ph5042<\/a><\/u><\/p>\n<p>Opera:\u00a0<u><a href=\"http:\/\/help.opera.com\/Windows\/11.50\/es-ES\/cookies.html\">http:\/\/help.opera.com\/Windows\/11.50\/es-ES\/cookies.html<\/a><\/u><\/p>\n<p>&nbsp;<\/p>\n<p>ATENCI\u00d3N: En caso de bloquear las cookies de tu navegador es posible que determinados servicios o funcionalidades de la web no funcionen correctamente.<\/p>\n<p>&nbsp;<\/p>\n","protected":false},"excerpt":{"rendered":"<p>&nbsp; Esta web utiliza cookies. Aceptar la instalaci\u00f3n de cookies, conlleva de manera imprescindible la aceptaci\u00f3n de la presente pol\u00edtica. Las cookies permiten a la web<span class=\"excerpt-hellip\"> [\u2026]<\/span><\/p>\n","protected":false},"author":1,"featured_media":0,"parent":0,"menu_order":0,"comment_status":"closed","ping_status":"closed","template":"","meta":[],"_links":{"self":[{"href":"https:\/\/qmc.es\/en\/wp-json\/wp\/v2\/pages\/689"}],"collection":[{"href":"https:\/\/qmc.es\/en\/wp-json\/wp\/v2\/pages"}],"about":[{"href":"https:\/\/qmc.es\/en\/wp-json\/wp\/v2\/types\/page"}],"author":[{"embeddable":true,"href":"https:\/\/qmc.es\/en\/wp-json\/wp\/v2\/users\/1"}],"replies":[{"embeddable":true,"href":"https:\/\/qmc.es\/en\/wp-json\/wp\/v2\/comments?post=689"}],"version-history":[{"count":2,"href":"https:\/\/qmc.es\/en\/wp-json\/wp\/v2\/pages\/689\/revisions"}],"predecessor-version":[{"id":709,"href":"https:\/\/qmc.es\/en\/wp-json\/wp\/v2\/pages\/689\/revisions\/709"}],"wp:attachment":[{"href":"https:\/\/qmc.es\/en\/wp-json\/wp\/v2\/media?parent=689"}],"curies":[{"name":"wp","href":"https:\/\/api.w.org\/{rel}","templated":true}]}}